{"id":2781,"date":"2019-06-20T09:40:20","date_gmt":"2019-06-20T07:40:20","guid":{"rendered":"http:\/\/www.impresapaganessi.it\/?page_id=2781"},"modified":"2019-06-20T09:40:21","modified_gmt":"2019-06-20T07:40:21","slug":"firma","status":"publish","type":"page","link":"https:\/\/www.impresapaganessi.it\/de\/firma\/","title":{"rendered":"Firma"},"content":{"rendered":"\n<div class=\"mp-row-fluid motopress-row mpce-dsbl-margin-left mpce-dsbl-margin-right\">\n<div class=\"motopress-clmn mp-span12  mpce-dsbl-margin-left mpce-dsbl-margin-right\">\n<p>Die Baufirma IMPRESA PAGANESSI S.R.L. aufwartet die Professionalit\u00e4t seiner Gesch\u00e4ftsf\u00fchrer seit Jahr 2000 und mehr, wann der Vater in den 80ern seiner Immobiliengesch\u00e4ft gegr\u00fcndet hat.\n\nDie hochwertige Arbeit dieser Firma und die nachweisliche Erfahrung aller Mitarbeitern (alle geb\u00fcrtig aus Bergamo) garantiert die Zufriedenheit allen Kunden.<\/p>\n<\/div>\n<\/div>\n","protected":false},"excerpt":{"rendered":"","protected":false},"author":1,"featured_media":0,"parent":0,"menu_order":1,"comment_status":"open","ping_status":"open","template":"page-fullwidth.php","meta":[],"_links":{"self":[{"href":"https:\/\/www.impresapaganessi.it\/de\/wp-json\/wp\/v2\/pages\/2781\/"}],"collection":[{"href":"https:\/\/www.impresapaganessi.it\/de\/wp-json\/wp\/v2\/pages\/"}],"about":[{"href":"https:\/\/www.impresapaganessi.it\/de\/wp-json\/wp\/v2\/types\/page\/"}],"author":[{"embeddable":true,"href":"https:\/\/www.impresapaganessi.it\/de\/wp-json\/wp\/v2\/users\/1\/"}],"replies":[{"embeddable":true,"href":"https:\/\/www.impresapaganessi.it\/de\/wp-json\/wp\/v2\/comments\/?post=2781"}],"version-history":[{"count":1,"href":"https:\/\/www.impresapaganessi.it\/de\/wp-json\/wp\/v2\/pages\/2781\/revisions\/"}],"predecessor-version":[{"id":2783,"href":"https:\/\/www.impresapaganessi.it\/de\/wp-json\/wp\/v2\/pages\/2781\/revisions\/2783\/"}],"wp:attachment":[{"href":"https:\/\/www.impresapaganessi.it\/de\/wp-json\/wp\/v2\/media\/?parent=2781"}],"curies":[{"name":"wp","href":"https:\/\/api.w.org\/{rel}","templated":true}]}}