{"id":2206,"date":"2016-09-15T15:24:00","date_gmt":"2016-09-15T13:24:00","guid":{"rendered":"http:\/\/www.impresapaganessi.it\/?page_id=2206"},"modified":"2019-06-24T15:24:23","modified_gmt":"2019-06-24T13:24:23","slug":"costruzioni-e-ristrutturazioni","status":"publish","type":"page","link":"https:\/\/www.impresapaganessi.it\/en\/foto-cantieri\/costruzioni-e-ristrutturazioni\/","title":{"rendered":"Costruzioni e ristrutturazioni"},"content":{"rendered":"<div class=\"mp-row-fluid motopress-row mpce-dsbl-margin-left mpce-dsbl-margin-right\">\n<div class=\"motopress-clmn mp-span12  mpce-dsbl-margin-left mpce-dsbl-margin-right\">\n<div class=\"motopress-text-obj\">\n<h4>COSTRUZIONI E RISTRUTTURAZIONI<\/h4>\n<p><span style=\"color: #000000;\">Costruiamo e ristrutturiamo edifici civili e industriali e gestiamo con professionalit\u00e0 ogni fase costruttiva, dallo scavo alla realizzazione del tetto, con finiture di qualit\u00e0 e adattandoci alle richieste dei clienti pi\u00f9 esigenti.<\/span><\/p>\n<p><span style=\"color: #000000;\">Disponiamo di tecnici specializzati abilitati all\u2019installazione e al collaudo delle linee vita.<\/span><\/p>\n<\/div>\n<\/div>\n<\/div>\n<div class=\"mp-row-fluid motopress-row mpce-dsbl-margin-left mpce-dsbl-margin-right\">\n<div class=\"motopress-clmn mp-span12  mpce-dsbl-margin-left mpce-dsbl-margin-right\">\n<div class=\"mp-row-fluid motopress-row mpce-dsbl-margin-left mpce-dsbl-margin-right\">\n<div class=\"motopress-clmn mp-span12 mpce-dsbl-margin-left mpce-dsbl-margin-right\">\n<div class=\"motopress-grid-gallery-obj motopress-grid-gallery-obj-basic motopress-grid-gallery-need-recalc\"><div class=\"mp-row-fluid\"><div class=\"mp-span4\"><a href=\"https:\/\/www.impresapaganessi.it\/wp-content\/uploads\/2016\/09\/4-formazione-vano-scale90.jpg\" data-action=\"motopressGalleryLightbox\" target=\"_self\" title=\"\"><img src=\"https:\/\/www.impresapaganessi.it\/wp-content\/uploads\/2016\/09\/4-formazione-vano-scale90-169x300.jpg\" \/><\/a><\/div><div class=\"mp-span4\"><a href=\"https:\/\/www.impresapaganessi.it\/wp-content\/uploads\/2016\/09\/10-posa-tetto-17.jpg\" data-action=\"motopressGalleryLightbox\" target=\"_self\" title=\"\"><img src=\"https:\/\/www.impresapaganessi.it\/wp-content\/uploads\/2016\/09\/10-posa-tetto-17-300x169.jpg\" \/><\/a><\/div><div class=\"mp-span4\"><a href=\"https:\/\/www.impresapaganessi.it\/wp-content\/uploads\/2016\/09\/10-posa-tetto-21.jpg\" data-action=\"motopressGalleryLightbox\" target=\"_self\" title=\"\"><img src=\"https:\/\/www.impresapaganessi.it\/wp-content\/uploads\/2016\/09\/10-posa-tetto-21-300x169.jpg\" \/><\/a><\/div><\/div><div class=\"mp-row-fluid\"><div class=\"mp-span4\"><a href=\"https:\/\/www.impresapaganessi.it\/wp-content\/uploads\/2016\/09\/100_3759.jpg\" data-action=\"motopressGalleryLightbox\" target=\"_self\" title=\"\"><img src=\"https:\/\/www.impresapaganessi.it\/wp-content\/uploads\/2016\/09\/100_3759-300x225.jpg\" \/><\/a><\/div><div class=\"mp-span4\"><a href=\"https:\/\/www.impresapaganessi.it\/wp-content\/uploads\/2016\/09\/100_3810.jpg\" data-action=\"motopressGalleryLightbox\" target=\"_self\" title=\"\"><img src=\"https:\/\/www.impresapaganessi.it\/wp-content\/uploads\/2016\/09\/100_3810-300x225.jpg\" \/><\/a><\/div><div class=\"mp-span4\"><a href=\"https:\/\/www.impresapaganessi.it\/wp-content\/uploads\/2016\/09\/100_3860.jpg\" data-action=\"motopressGalleryLightbox\" target=\"_self\" title=\"\"><img src=\"https:\/\/www.impresapaganessi.it\/wp-content\/uploads\/2016\/09\/100_3860-300x225.jpg\" \/><\/a><\/div><\/div><div class=\"mp-row-fluid\"><div class=\"mp-span4\"><a href=\"https:\/\/www.impresapaganessi.it\/wp-content\/uploads\/2016\/09\/100_4206.jpg\" data-action=\"motopressGalleryLightbox\" target=\"_self\" title=\"\"><img src=\"https:\/\/www.impresapaganessi.it\/wp-content\/uploads\/2016\/09\/100_4206-225x300.jpg\" \/><\/a><\/div><div class=\"mp-span4\"><a href=\"https:\/\/www.impresapaganessi.it\/wp-content\/uploads\/2016\/09\/20160204_160204.jpg\" data-action=\"motopressGalleryLightbox\" target=\"_self\" title=\"\"><img src=\"https:\/\/www.impresapaganessi.it\/wp-content\/uploads\/2016\/09\/20160204_160204-300x180.jpg\" \/><\/a><\/div><div class=\"mp-span4\"><a href=\"https:\/\/www.impresapaganessi.it\/wp-content\/uploads\/2016\/09\/20160224_093449.jpg\" data-action=\"motopressGalleryLightbox\" target=\"_self\" title=\"\"><img src=\"https:\/\/www.impresapaganessi.it\/wp-content\/uploads\/2016\/09\/20160224_093449-180x300.jpg\" \/><\/a><\/div><\/div><div class=\"mp-row-fluid\"><div class=\"mp-span4\"><a href=\"https:\/\/www.impresapaganessi.it\/wp-content\/uploads\/2016\/09\/20160304_091558.jpg\" data-action=\"motopressGalleryLightbox\" target=\"_self\" title=\"\"><img src=\"https:\/\/www.impresapaganessi.it\/wp-content\/uploads\/2016\/09\/20160304_091558-300x180.jpg\" \/><\/a><\/div><div class=\"mp-span4\"><a href=\"https:\/\/www.impresapaganessi.it\/wp-content\/uploads\/2016\/09\/20160310_131740.jpg\" data-action=\"motopressGalleryLightbox\" target=\"_self\" title=\"\"><img src=\"https:\/\/www.impresapaganessi.it\/wp-content\/uploads\/2016\/09\/20160310_131740-180x300.jpg\" \/><\/a><\/div><div class=\"mp-span4\"><a href=\"https:\/\/www.impresapaganessi.it\/wp-content\/uploads\/2016\/09\/20160615_151818.jpg\" data-action=\"motopressGalleryLightbox\" target=\"_self\" title=\"\"><img src=\"https:\/\/www.impresapaganessi.it\/wp-content\/uploads\/2016\/09\/20160615_151818-300x169.jpg\" \/><\/a><\/div><\/div><div class=\"mp-row-fluid\"><div class=\"mp-span4\"><a href=\"https:\/\/www.impresapaganessi.it\/wp-content\/uploads\/2016\/09\/20160718_142941.jpg\" data-action=\"motopressGalleryLightbox\" target=\"_self\" title=\"\"><img src=\"https:\/\/www.impresapaganessi.it\/wp-content\/uploads\/2016\/09\/20160718_142941-169x300.jpg\" \/><\/a><\/div><div class=\"mp-span4\"><a href=\"https:\/\/www.impresapaganessi.it\/wp-content\/uploads\/2016\/09\/20160718_143145.jpg\" data-action=\"motopressGalleryLightbox\" target=\"_self\" title=\"\"><img src=\"https:\/\/www.impresapaganessi.it\/wp-content\/uploads\/2016\/09\/20160718_143145-169x300.jpg\" \/><\/a><\/div><div class=\"mp-span4\"><a href=\"https:\/\/www.impresapaganessi.it\/wp-content\/uploads\/2016\/09\/20160718_143151.jpg\" data-action=\"motopressGalleryLightbox\" target=\"_self\" title=\"\"><img src=\"https:\/\/www.impresapaganessi.it\/wp-content\/uploads\/2016\/09\/20160718_143151-300x169.jpg\" \/><\/a><\/div><\/div><div class=\"mp-row-fluid\"><div class=\"mp-span4\"><a href=\"https:\/\/www.impresapaganessi.it\/wp-content\/uploads\/2016\/09\/20160901_140516.jpg\" data-action=\"motopressGalleryLightbox\" target=\"_self\" title=\"\"><img src=\"https:\/\/www.impresapaganessi.it\/wp-content\/uploads\/2016\/09\/20160901_140516-300x169.jpg\" \/><\/a><\/div><div class=\"mp-span4\"><a href=\"https:\/\/www.impresapaganessi.it\/wp-content\/uploads\/2016\/09\/20160901_140722.jpg\" data-action=\"motopressGalleryLightbox\" target=\"_self\" title=\"\"><img src=\"https:\/\/www.impresapaganessi.it\/wp-content\/uploads\/2016\/09\/20160901_140722-300x169.jpg\" \/><\/a><\/div><div class=\"mp-span4\"><a href=\"https:\/\/www.impresapaganessi.it\/wp-content\/uploads\/2016\/09\/20160901_140734.jpg\" data-action=\"motopressGalleryLightbox\" target=\"_self\" title=\"\"><img src=\"https:\/\/www.impresapaganessi.it\/wp-content\/uploads\/2016\/09\/20160901_140734-300x169.jpg\" \/><\/a><\/div><\/div><div class=\"mp-row-fluid\"><div class=\"mp-span4\"><a href=\"https:\/\/www.impresapaganessi.it\/wp-content\/uploads\/2016\/09\/condomini-giugno-2012-002.jpg\" data-action=\"motopressGalleryLightbox\" target=\"_self\" title=\"\"><img src=\"https:\/\/www.impresapaganessi.it\/wp-content\/uploads\/2016\/09\/condomini-giugno-2012-002-300x225.jpg\" \/><\/a><\/div><div class=\"mp-span4\"><a href=\"https:\/\/www.impresapaganessi.it\/wp-content\/uploads\/2016\/09\/GALIZZI-2-la-scala7.jpg\" data-action=\"motopressGalleryLightbox\" target=\"_self\" title=\"\"><img src=\"https:\/\/www.impresapaganessi.it\/wp-content\/uploads\/2016\/09\/GALIZZI-2-la-scala7-168x300.jpg\" \/><\/a><\/div><div class=\"mp-span4\"><a href=\"https:\/\/www.impresapaganessi.it\/wp-content\/uploads\/2016\/09\/IMG-20160805-WA0042.jpg\" data-action=\"motopressGalleryLightbox\" target=\"_self\" title=\"\"><img src=\"https:\/\/www.impresapaganessi.it\/wp-content\/uploads\/2016\/09\/IMG-20160805-WA0042-300x180.jpg\" \/><\/a><\/div><\/div><div class=\"mp-row-fluid\"><div class=\"mp-span4\"><a href=\"https:\/\/www.impresapaganessi.it\/wp-content\/uploads\/2016\/09\/per-sito-2.jpg\" data-action=\"motopressGalleryLightbox\" target=\"_self\" title=\"\"><img src=\"https:\/\/www.impresapaganessi.it\/wp-content\/uploads\/2016\/09\/per-sito-2-300x225.jpg\" \/><\/a><\/div><div class=\"mp-span4\"><a href=\"https:\/\/www.impresapaganessi.it\/wp-content\/uploads\/2016\/09\/WP_000765.jpg\" data-action=\"motopressGalleryLightbox\" target=\"_self\" title=\"\"><img src=\"https:\/\/www.impresapaganessi.it\/wp-content\/uploads\/2016\/09\/WP_000765-300x225.jpg\" \/><\/a><\/div><div class=\"mp-span4\"><a href=\"https:\/\/www.impresapaganessi.it\/wp-content\/uploads\/2016\/09\/WP_000776.jpg\" data-action=\"motopressGalleryLightbox\" target=\"_self\" title=\"\"><img src=\"https:\/\/www.impresapaganessi.it\/wp-content\/uploads\/2016\/09\/WP_000776-300x225.jpg\" \/><\/a><\/div><\/div><div class=\"mp-row-fluid\"><div class=\"mp-span4\"><a href=\"https:\/\/www.impresapaganessi.it\/wp-content\/uploads\/2016\/09\/WP_000786.jpg\" data-action=\"motopressGalleryLightbox\" target=\"_self\" title=\"\"><img src=\"https:\/\/www.impresapaganessi.it\/wp-content\/uploads\/2016\/09\/WP_000786-300x225.jpg\" \/><\/a><\/div><div class=\"mp-span4\"><a href=\"https:\/\/www.impresapaganessi.it\/wp-content\/uploads\/2016\/09\/20170427_084516.jpg\" data-action=\"motopressGalleryLightbox\" target=\"_self\" title=\"20170427_084516\"><img src=\"https:\/\/www.impresapaganessi.it\/wp-content\/uploads\/2016\/09\/20170427_084516.jpg\" title=\"20170427_084516\" alt=\"20170427_084516\" \/><\/a><\/div><div class=\"mp-span4\"><a href=\"https:\/\/www.impresapaganessi.it\/wp-content\/uploads\/2016\/09\/20170427_084505.jpg\" data-action=\"motopressGalleryLightbox\" target=\"_self\" title=\"20170427_084505\"><img src=\"https:\/\/www.impresapaganessi.it\/wp-content\/uploads\/2016\/09\/20170427_084505.jpg\" title=\"20170427_084505\" alt=\"20170427_084505\" \/><\/a><\/div><\/div><div class=\"mp-row-fluid\"><div class=\"mp-span4\"><a href=\"https:\/\/www.impresapaganessi.it\/wp-content\/uploads\/2016\/09\/Giuliano.jpg\" data-action=\"motopressGalleryLightbox\" target=\"_self\" title=\"\"><img src=\"https:\/\/www.impresapaganessi.it\/wp-content\/uploads\/2016\/09\/Giuliano.jpg\" \/><\/a><\/div><div class=\"mp-span4\"><a href=\"https:\/\/www.impresapaganessi.it\/wp-content\/uploads\/2016\/09\/Giuliano-2.jpg\" data-action=\"motopressGalleryLightbox\" target=\"_self\" title=\"\"><img src=\"https:\/\/www.impresapaganessi.it\/wp-content\/uploads\/2016\/09\/Giuliano-2.jpg\" \/><\/a><\/div><div class=\"mp-span4\"><a href=\"https:\/\/www.impresapaganessi.it\/wp-content\/uploads\/2016\/09\/Giuliano-3.jpg\" data-action=\"motopressGalleryLightbox\" target=\"_self\" title=\"\"><img src=\"https:\/\/www.impresapaganessi.it\/wp-content\/uploads\/2016\/09\/Giuliano-3.jpg\" \/><\/a><\/div><\/div><div class=\"mp-row-fluid\"><div class=\"mp-span4\"><a href=\"https:\/\/www.impresapaganessi.it\/wp-content\/uploads\/2016\/09\/Foto-05-07-17-12-20-57.jpg\" data-action=\"motopressGalleryLightbox\" target=\"_self\" title=\"Foto 05-07-17, 12 20 57\"><img src=\"https:\/\/www.impresapaganessi.it\/wp-content\/uploads\/2016\/09\/Foto-05-07-17-12-20-57.jpg\" title=\"Foto 05-07-17, 12 20 57\" alt=\"Foto 05-07-17, 12 20 57\" \/><\/a><\/div><div class=\"mp-span4\"><a href=\"https:\/\/www.impresapaganessi.it\/wp-content\/uploads\/2016\/09\/Foto-20-09-17-15-09-36.jpg\" data-action=\"motopressGalleryLightbox\" target=\"_self\" title=\"Foto 20-09-17, 15 09 36\"><img src=\"https:\/\/www.impresapaganessi.it\/wp-content\/uploads\/2016\/09\/Foto-20-09-17-15-09-36-300x225.jpg\" title=\"Foto 20-09-17, 15 09 36\" alt=\"Foto 20-09-17, 15 09 36\" \/><\/a><\/div><div class=\"mp-span4\"><a href=\"https:\/\/www.impresapaganessi.it\/wp-content\/uploads\/2016\/09\/Foto-20-09-17-15-10-15.jpg\" data-action=\"motopressGalleryLightbox\" target=\"_self\" title=\"Foto 20-09-17, 15 10 15\"><img src=\"https:\/\/www.impresapaganessi.it\/wp-content\/uploads\/2016\/09\/Foto-20-09-17-15-10-15-225x300.jpg\" title=\"Foto 20-09-17, 15 10 15\" alt=\"Foto 20-09-17, 15 10 15\" \/><\/a><\/div><\/div><div class=\"mp-row-fluid\"><div class=\"mp-span4\"><a href=\"https:\/\/www.impresapaganessi.it\/wp-content\/uploads\/2016\/09\/20160718_143432.jpg\" data-action=\"motopressGalleryLightbox\" target=\"_self\" title=\"20160718_143432\"><img src=\"https:\/\/www.impresapaganessi.it\/wp-content\/uploads\/2016\/09\/20160718_143432-300x169.jpg\" title=\"20160718_143432\" alt=\"20160718_143432\" \/><\/a><\/div><div class=\"mp-span4\"><a href=\"https:\/\/www.impresapaganessi.it\/wp-content\/uploads\/2016\/09\/TERRE-ARMATE.jpg\" data-action=\"motopressGalleryLightbox\" target=\"_self\" title=\"TERRE ARMATE\"><img src=\"https:\/\/www.impresapaganessi.it\/wp-content\/uploads\/2016\/09\/TERRE-ARMATE.jpg\" title=\"TERRE ARMATE\" alt=\"TERRE ARMATE\" \/><\/a><\/div><div class=\"mp-span4\"><a href=\"https:\/\/www.impresapaganessi.it\/wp-content\/uploads\/2016\/09\/03000e94.jpg\" data-action=\"motopressGalleryLightbox\" target=\"_self\" title=\"03000e94\"><img src=\"https:\/\/www.impresapaganessi.it\/wp-content\/uploads\/2016\/09\/03000e94-300x225.jpg\" title=\"03000e94\" alt=\"03000e94\" \/><\/a><\/div><\/div><div class=\"mp-row-fluid\"><div class=\"mp-span4\"><a href=\"https:\/\/www.impresapaganessi.it\/wp-content\/uploads\/2016\/09\/IMG_20190411_151127.jpg\" data-action=\"motopressGalleryLightbox\" target=\"_self\" title=\"IMG_20190411_151127\"><img src=\"https:\/\/www.impresapaganessi.it\/wp-content\/uploads\/2016\/09\/IMG_20190411_151127-300x225.jpg\" title=\"IMG_20190411_151127\" alt=\"IMG_20190411_151127\" \/><\/a><\/div><div class=\"mp-span4\"><a href=\"https:\/\/www.impresapaganessi.it\/wp-content\/uploads\/2016\/09\/IMG-20190404-WA0015.jpg\" data-action=\"motopressGalleryLightbox\" target=\"_self\" title=\"IMG-20190404-WA0015\"><img src=\"https:\/\/www.impresapaganessi.it\/wp-content\/uploads\/2016\/09\/IMG-20190404-WA0015-225x300.jpg\" title=\"IMG-20190404-WA0015\" alt=\"IMG-20190404-WA0015\" \/><\/a><\/div><div class=\"mp-span4\"><a href=\"https:\/\/www.impresapaganessi.it\/wp-content\/uploads\/2016\/09\/IMG-20190404-WA0024.jpg\" data-action=\"motopressGalleryLightbox\" target=\"_self\" title=\"IMG-20190404-WA0024\"><img src=\"https:\/\/www.impresapaganessi.it\/wp-content\/uploads\/2016\/09\/IMG-20190404-WA0024-225x300.jpg\" title=\"IMG-20190404-WA0024\" alt=\"IMG-20190404-WA0024\" \/><\/a><\/div><\/div><div class=\"mp-row-fluid\"><div class=\"mp-span4\"><a href=\"https:\/\/www.impresapaganessi.it\/wp-content\/uploads\/2016\/09\/IMG-20190530-WA0014.jpg\" data-action=\"motopressGalleryLightbox\" target=\"_self\" title=\"IMG-20190530-WA0014\"><img src=\"https:\/\/www.impresapaganessi.it\/wp-content\/uploads\/2016\/09\/IMG-20190530-WA0014-300x225.jpg\" title=\"IMG-20190530-WA0014\" alt=\"IMG-20190530-WA0014\" \/><\/a><\/div><div class=\"mp-span4\"><a href=\"https:\/\/www.impresapaganessi.it\/wp-content\/uploads\/2016\/09\/IMG-20190517-WA0004.jpg\" data-action=\"motopressGalleryLightbox\" target=\"_self\" title=\"IMG-20190517-WA0004\"><img src=\"https:\/\/www.impresapaganessi.it\/wp-content\/uploads\/2016\/09\/IMG-20190517-WA0004-225x300.jpg\" title=\"IMG-20190517-WA0004\" alt=\"IMG-20190517-WA0004\" \/><\/a><\/div><div class=\"mp-span4\"><a href=\"https:\/\/www.impresapaganessi.it\/wp-content\/uploads\/2016\/09\/IMG-20190416-WA0002.jpg\" data-action=\"motopressGalleryLightbox\" target=\"_self\" title=\"IMG-20190416-WA0002\"><img src=\"https:\/\/www.impresapaganessi.it\/wp-content\/uploads\/2016\/09\/IMG-20190416-WA0002.jpg\" title=\"IMG-20190416-WA0002\" alt=\"IMG-20190416-WA0002\" \/><\/a><\/div><\/div><\/div>\n<\/div>\n<\/div>\n<div class=\"mp-row-fluid motopress-row mpce-dsbl-margin-left mpce-dsbl-margin-right\">\n<div class=\"motopress-clmn mp-span12 mpce-dsbl-margin-left mpce-dsbl-margin-right\">\n<div class=\"motopress-text-obj\">\n<\/div>\n<\/div>\n<\/div>\n<\/div>\n<\/div>\n","protected":false},"excerpt":{"rendered":"COSTRUZIONI E RISTRUTTURAZIONI Costruiamo e ristrutturiamo edifici civili e industriali e gestiamo con professionalit\u00e0 ogni fase costruttiva, dallo scavo alla realizzazione del tetto, con finiture di qualit\u00e0 e adattandoci alle richieste dei clienti pi\u00f9 esigenti. Disponiamo di tecnici specializzati abilitati all\u2019installazione e al collaudo delle linee vita.","protected":false},"author":1,"featured_media":0,"parent":2123,"menu_order":0,"comment_status":"closed","ping_status":"closed","template":"page-fullwidth.php","meta":[],"_links":{"self":[{"href":"https:\/\/www.impresapaganessi.it\/en\/wp-json\/wp\/v2\/pages\/2206\/"}],"collection":[{"href":"https:\/\/www.impresapaganessi.it\/en\/wp-json\/wp\/v2\/pages\/"}],"about":[{"href":"https:\/\/www.impresapaganessi.it\/en\/wp-json\/wp\/v2\/types\/page\/"}],"author":[{"embeddable":true,"href":"https:\/\/www.impresapaganessi.it\/en\/wp-json\/wp\/v2\/users\/1\/"}],"replies":[{"embeddable":true,"href":"https:\/\/www.impresapaganessi.it\/en\/wp-json\/wp\/v2\/comments\/?post=2206"}],"version-history":[{"count":10,"href":"https:\/\/www.impresapaganessi.it\/en\/wp-json\/wp\/v2\/pages\/2206\/revisions\/"}],"predecessor-version":[{"id":2431,"href":"https:\/\/www.impresapaganessi.it\/en\/wp-json\/wp\/v2\/pages\/2206\/revisions\/2431\/"}],"up":[{"embeddable":true,"href":"https:\/\/www.impresapaganessi.it\/en\/wp-json\/wp\/v2\/pages\/2123\/"}],"wp:attachment":[{"href":"https:\/\/www.impresapaganessi.it\/en\/wp-json\/wp\/v2\/media\/?parent=2206"}],"curies":[{"name":"wp","href":"https:\/\/api.w.org\/{rel}","templated":true}]}}